{"id":795,"date":"2023-01-19T14:17:44","date_gmt":"2023-01-19T14:17:44","guid":{"rendered":"https:\/\/xellagida.com\/?page_id=795"},"modified":"2023-02-03T08:00:56","modified_gmt":"2023-02-03T08:00:56","slug":"kakao","status":"publish","type":"page","link":"https:\/\/xellagida.com\/ru\/kakao\/","title":{"rendered":"\u041a\u0430\u043a\u0430\u043e-\u043f\u043e\u0440\u043e\u0448\u043e\u043a"},"content":{"rendered":"<div data-elementor-type=\"wp-page\" data-elementor-id=\"795\" class=\"elementor elementor-795\" data-elementor-post-type=\"page\">\n\t\t\t\t\t\t\t\t\t<section class=\"elementor-section elementor-top-section elementor-element elementor-element-649be8a3 elementor-section-boxed elementor-section-height-default elementor-section-height-default\" data-id=\"649be8a3\" data-element_type=\"section\">\n\t\t\t\t\t\t\t<div class=\"elementor-background-overlay\"><\/div>\n\t\t\t\t\t\t\t<div class=\"elementor-container elementor-column-gap-default\">\n\t\t\t\t\t<div class=\"elementor-column elementor-col-50 elementor-top-column elementor-element elementor-element-732ec59\" data-id=\"732ec59\" data-element_type=\"column\" data-settings=\"{&quot;background_background&quot;:&quot;classic&quot;}\">\n\t\t\t<div class=\"elementor-widget-wrap elementor-element-populated\">\n\t\t\t\t\t\t\t\t<div class=\"elementor-element elementor-element-385205d2 elementor-widget elementor-widget-heading\" data-id=\"385205d2\" data-element_type=\"widget\" data-settings=\"{&quot;_animation&quot;:&quot;none&quot;}\" data-widget_type=\"heading.default\">\n\t\t\t\t<div class=\"elementor-widget-container\">\n\t\t\t<style>\/*! elementor - v3.14.0 - 26-06-2023 *\/\n.elementor-heading-title{padding:0;margin:0;line-height:1}.elementor-widget-heading .elementor-heading-title[class*=elementor-size-]>a{color:inherit;font-size:inherit;line-height:inherit}.elementor-widget-heading .elementor-heading-title.elementor-size-small{font-size:15px}.elementor-widget-heading .elementor-heading-title.elementor-size-medium{font-size:19px}.elementor-widget-heading .elementor-heading-title.elementor-size-large{font-size:29px}.elementor-widget-heading .elementor-heading-title.elementor-size-xl{font-size:39px}.elementor-widget-heading .elementor-heading-title.elementor-size-xxl{font-size:59px}<\/style><h4 class=\"elementor-heading-title elementor-size-default\">\u0413\u0420\u0423\u041f\u041f\u042b \u041f\u0420\u041e\u0414\u0423\u041a\u0426\u0418\u0418<\/h4>\t\t<\/div>\n\t\t\t\t<\/div>\n\t\t\t\t<div class=\"elementor-element elementor-element-2f2b6d86 elementor-widget elementor-widget-shortcode\" data-id=\"2f2b6d86\" data-element_type=\"widget\" data-widget_type=\"shortcode.default\">\n\t\t\t\t<div class=\"elementor-widget-container\">\n\t\t\t\t\t<div class=\"elementor-shortcode\"><div id='iksm-691' class='iksm iksm-691 iksm-container'  data-id='691' data-is-pro='Array' data-source='menu'><div class='iksm-terms'><div class='iksm-terms-tree iksm-terms-tree--level-1 iksm-terms-tree--parents' style=''><div class=\"iksm-terms-tree__inner\">\r\n        <div class=\"iksm-term iksm-term--id-734 iksm-term--parent iksm-term--has-children\" data-id=\"734\">\r\n            <div class=\"iksm-term__inner\">\r\n                <a class=\"iksm-term__link\" data-toggle='1'>\r\n\t\t\t\t\t        <span class=\"iksm-term__text\">\u0428\u043e\u043a\u043e\u043b\u0430\u0434\u043d\u0430\u044f \u0433\u0440\u0443\u043f\u043f\u0430<\/span>\r\n\t\t                <\/a>\r\n\t\t\t\t            <div class=\"iksm-term__toggle\">\r\n                <span class=\"iksm-term__toggle__inner\"><i class='iks-icon-chevron-1'><\/i><\/span>\r\n            <\/div>\r\n\t\t\t            <\/div>\r\n\t\t\t<div class='iksm-terms-tree iksm-terms-tree--level-2 iksm-terms-tree--children' style=''><div class=\"iksm-terms-tree__inner\">\r\n        <div class=\"iksm-term iksm-term--id-681 iksm-term--child\" data-id=\"681\">\r\n            <div class=\"iksm-term__inner\">\r\n                <a class=\"iksm-term__link\" href='https:\/\/xellagida.com\/ru\/urunler\/' target='_self'>\r\n\t\t\t\t\t            <div\r\n              class=\"iksm-term__shifts\"\r\n              style=\"width: 15px\"><\/div>\r\n\t\t\t        <span class=\"iksm-term__text\">\u0428\u043e\u043a\u043e\u043b\u0430\u0434 \u0432 \u0412\u0435\u0434\u0440\u0435<\/span>\r\n\t\t                <\/a>\r\n\t\t\t\t            <\/div>\r\n\t\t\t        <\/div>\r\n\r\n\t\t\r\n        <div class=\"iksm-term iksm-term--id-753 iksm-term--child\" data-id=\"753\">\r\n            <div class=\"iksm-term__inner\">\r\n                <a class=\"iksm-term__link\" href='https:\/\/xellagida.com\/ru\/tup-cikolata\/' target='_self'>\r\n\t\t\t\t\t            <div\r\n              class=\"iksm-term__shifts\"\r\n              style=\"width: 15px\"><\/div>\r\n\t\t\t        <span class=\"iksm-term__text\">\u0428\u043e\u043a\u043e\u043b\u0430\u0434 \u0432 \u0422\u044e\u0431\u0438\u043a\u0435<\/span>\r\n\t\t                <\/a>\r\n\t\t\t\t            <\/div>\r\n\t\t\t        <\/div>\r\n\r\n\t\t\r\n        <div class=\"iksm-term iksm-term--id-686 iksm-term--child\" data-id=\"686\">\r\n            <div class=\"iksm-term__inner\">\r\n                <a class=\"iksm-term__link\" href='https:\/\/xellagida.com\/ru\/cam-sise-cikolata\/' target='_self'>\r\n\t\t\t\t\t            <div\r\n              class=\"iksm-term__shifts\"\r\n              style=\"width: 15px\"><\/div>\r\n\t\t\t        <span class=\"iksm-term__text\">\u0428\u043e\u043a\u043e\u043b\u0430\u0434 \u0432 \u0441\u0442\u0435\u043a\u043b\u044f\u043d\u043d\u043e\u0439 \u0431\u0443\u0442\u044b\u043b\u043a\u0435<\/span>\r\n\t\t                <\/a>\r\n\t\t\t\t            <\/div>\r\n\t\t\t        <\/div>\r\n\r\n\t\t<\/div><\/div>        <\/div>\r\n\r\n\t\t\r\n        <div class=\"iksm-term iksm-term--id-777 iksm-term--parent iksm-term--has-children iksm-term--expanded iksm-term--expanded-current\" data-id=\"777\">\r\n            <div class=\"iksm-term__inner\">\r\n                <a class=\"iksm-term__link\" data-toggle='1'>\r\n\t\t\t\t\t        <span class=\"iksm-term__text\">\u041a\u043e\u043d\u0434\u0438\u0442\u0435\u0440\u0441\u043a\u0430\u044f \u0433\u0440\u0443\u043f\u043f\u0430<\/span>\r\n\t\t                <\/a>\r\n\t\t\t\t            <div class=\"iksm-term__toggle\">\r\n                <span class=\"iksm-term__toggle__inner\"><i class='iks-icon-chevron-1'><\/i><\/span>\r\n            <\/div>\r\n\t\t\t            <\/div>\r\n\t\t\t<div class='iksm-terms-tree iksm-terms-tree--level-2 iksm-terms-tree--children' style='display: block;'><div class=\"iksm-terms-tree__inner\">\r\n        <div class=\"iksm-term iksm-term--id-688 iksm-term--child\" data-id=\"688\">\r\n            <div class=\"iksm-term__inner\">\r\n                <a class=\"iksm-term__link\" href='https:\/\/xellagida.com\/ru\/sekerli-vanilin\/' target='_self'>\r\n\t\t\t\t\t            <div\r\n              class=\"iksm-term__shifts\"\r\n              style=\"width: 15px\"><\/div>\r\n\t\t\t        <span class=\"iksm-term__text\">\u0421\u0430\u0445\u0430\u0440\u043d\u0430\u044f \u0432\u0430\u043d\u0438\u043b\u044c<\/span>\r\n\t\t                <\/a>\r\n\t\t\t\t            <\/div>\r\n\t\t\t        <\/div>\r\n\r\n\t\t\r\n        <div class=\"iksm-term iksm-term--id-783 iksm-term--child\" data-id=\"783\">\r\n            <div class=\"iksm-term__inner\">\r\n                <a class=\"iksm-term__link\" href='https:\/\/xellagida.com\/ru\/kabartma-tozu\/' target='_self'>\r\n\t\t\t\t\t            <div\r\n              class=\"iksm-term__shifts\"\r\n              style=\"width: 15px\"><\/div>\r\n\t\t\t        <span class=\"iksm-term__text\">\u041f\u0435\u043a\u0430\u0440\u0441\u043a\u0438\u0439 \u041f\u043e\u0440\u043e\u0448\u043e\u043a<\/span>\r\n\t\t                <\/a>\r\n\t\t\t\t            <\/div>\r\n\t\t\t        <\/div>\r\n\r\n\t\t\r\n        <div class=\"iksm-term iksm-term--id-802 iksm-term--child iksm-term--current\" data-id=\"802\">\r\n            <div class=\"iksm-term__inner\">\r\n                <a class=\"iksm-term__link\" href='https:\/\/xellagida.com\/ru\/kakao\/' target='_self'>\r\n\t\t\t\t\t            <div\r\n              class=\"iksm-term__shifts\"\r\n              style=\"width: 15px\"><\/div>\r\n\t\t\t        <span class=\"iksm-term__text\">\u041a\u0430\u043a\u0430\u043e-\u043f\u043e\u0440\u043e\u0448\u043e\u043a<\/span>\r\n\t\t                <\/a>\r\n\t\t\t\t            <\/div>\r\n\t\t\t        <\/div>\r\n\r\n\t\t<\/div><\/div>        <\/div>\r\n\r\n\t\t\r\n        <div class=\"iksm-term iksm-term--id-964 iksm-term--parent iksm-term--has-children\" data-id=\"964\">\r\n            <div class=\"iksm-term__inner\">\r\n                <a class=\"iksm-term__link\" data-toggle='1'>\r\n\t\t\t\t\t        <span class=\"iksm-term__text\">\u0421\u0443\u0445\u043e\u0435 \u043c\u043e\u043b\u043e\u043a\u043e \u0438 \u0441\u043b\u0438\u0432\u043a\u0438 \u0434\u043b\u044f \u043a\u043e\u0444\u0435<\/span>\r\n\t\t                <\/a>\r\n\t\t\t\t            <div class=\"iksm-term__toggle\">\r\n                <span class=\"iksm-term__toggle__inner\"><i class='iks-icon-chevron-1'><\/i><\/span>\r\n            <\/div>\r\n\t\t\t            <\/div>\r\n\t\t\t<div class='iksm-terms-tree iksm-terms-tree--level-2 iksm-terms-tree--children' style=''><div class=\"iksm-terms-tree__inner\">\r\n        <div class=\"iksm-term iksm-term--id-843 iksm-term--child\" data-id=\"843\">\r\n            <div class=\"iksm-term__inner\">\r\n                <a class=\"iksm-term__link\" href='https:\/\/xellagida.com\/ru\/sut-tozu-kahve-kremasi\/' target='_self'>\r\n\t\t\t\t\t            <div\r\n              class=\"iksm-term__shifts\"\r\n              style=\"width: 15px\"><\/div>\r\n\t\t\t        <span class=\"iksm-term__text\">\u0421\u0443\u0445\u043e\u0435 \u043c\u043e\u043b\u043e\u043a\u043e<\/span>\r\n\t\t                <\/a>\r\n\t\t\t\t            <\/div>\r\n\t\t\t        <\/div>\r\n\r\n\t\t\r\n        <div class=\"iksm-term iksm-term--id-851 iksm-term--child\" data-id=\"851\">\r\n            <div class=\"iksm-term__inner\">\r\n                <a class=\"iksm-term__link\" href='https:\/\/xellagida.com\/ru\/kahve-kremasi\/' target='_self'>\r\n\t\t\t\t\t            <div\r\n              class=\"iksm-term__shifts\"\r\n              style=\"width: 15px\"><\/div>\r\n\t\t\t        <span class=\"iksm-term__text\">\u041a\u043e\u0444\u0435\u0439\u043d\u044b\u0435 \u0441\u043b\u0438\u0432\u043a\u0438 \u0432 \u043f\u043e\u0440\u043e\u0448\u043a\u0435<\/span>\r\n\t\t                <\/a>\r\n\t\t\t\t            <\/div>\r\n\t\t\t        <\/div>\r\n\r\n\t\t<\/div><\/div>        <\/div>\r\n\r\n\t\t\r\n        <div class=\"iksm-term iksm-term--id-876 iksm-term--parent iksm-term--has-children\" data-id=\"876\">\r\n            <div class=\"iksm-term__inner\">\r\n                <a class=\"iksm-term__link\" data-toggle='1'>\r\n\t\t\t\t\t        <span class=\"iksm-term__text\">\u0413\u0440\u0443\u043f\u043f\u0430 \u043f\u043e\u0440\u043e\u0448\u043a\u043e\u0432\u044b\u0445 \u043d\u0430\u043f\u0438\u0442\u043a\u043e\u0432<\/span>\r\n\t\t                <\/a>\r\n\t\t\t\t            <div class=\"iksm-term__toggle\">\r\n                <span class=\"iksm-term__toggle__inner\"><i class='iks-icon-chevron-1'><\/i><\/span>\r\n            <\/div>\r\n\t\t\t            <\/div>\r\n\t\t\t<div class='iksm-terms-tree iksm-terms-tree--level-2 iksm-terms-tree--children' style=''><div class=\"iksm-terms-tree__inner\">\r\n        <div class=\"iksm-term iksm-term--id-872 iksm-term--child\" data-id=\"872\">\r\n            <div class=\"iksm-term__inner\">\r\n                <a class=\"iksm-term__link\" href='https:\/\/xellagida.com\/ru\/visne-toz-icecek\/' target='_self'>\r\n\t\t\t\t\t            <div\r\n              class=\"iksm-term__shifts\"\r\n              style=\"width: 15px\"><\/div>\r\n\t\t\t        <span class=\"iksm-term__text\">\u041d\u0430\u043f\u0438\u0442\u043e\u043a \u043f\u043e\u0440\u043e\u0448\u043a\u043e\u0432\u044b\u0439 \u0441\u043e \u0432\u043a\u0443\u0441\u043e\u043c \u0432\u0438\u0448\u043d\u0438<\/span>\r\n\t\t                <\/a>\r\n\t\t\t\t            <\/div>\r\n\t\t\t        <\/div>\r\n\r\n\t\t\r\n        <div class=\"iksm-term iksm-term--id-875 iksm-term--child\" data-id=\"875\">\r\n            <div class=\"iksm-term__inner\">\r\n                <a class=\"iksm-term__link\" href='https:\/\/xellagida.com\/ru\/cilek-toz-icecek\/' target='_self'>\r\n\t\t\t\t\t            <div\r\n              class=\"iksm-term__shifts\"\r\n              style=\"width: 15px\"><\/div>\r\n\t\t\t        <span class=\"iksm-term__text\">\u041d\u0430\u043f\u0438\u0442\u043e\u043a \u043f\u043e\u0440\u043e\u0448\u043a\u043e\u0432\u044b\u0439 \u0441\u043e \u0432\u043a\u0443\u0441\u043e\u043c \u043a\u043b\u0443\u0431\u043d\u0438\u043a\u0438<\/span>\r\n\t\t                <\/a>\r\n\t\t\t\t            <\/div>\r\n\t\t\t        <\/div>\r\n\r\n\t\t\r\n        <div class=\"iksm-term iksm-term--id-873 iksm-term--child\" data-id=\"873\">\r\n            <div class=\"iksm-term__inner\">\r\n                <a class=\"iksm-term__link\" href='https:\/\/xellagida.com\/ru\/kola-toz-icecek\/' target='_self'>\r\n\t\t\t\t\t            <div\r\n              class=\"iksm-term__shifts\"\r\n              style=\"width: 15px\"><\/div>\r\n\t\t\t        <span class=\"iksm-term__text\">\u041d\u0430\u043f\u0438\u0442\u043e\u043a \u043f\u043e\u0440\u043e\u0448\u043a\u043e\u0432\u044b\u0439 \u0441\u043e \u0432\u043a\u0443\u0441\u043e\u043c \u043a\u043e\u043b\u044b<\/span>\r\n\t\t                <\/a>\r\n\t\t\t\t            <\/div>\r\n\t\t\t        <\/div>\r\n\r\n\t\t\r\n        <div class=\"iksm-term iksm-term--id-874 iksm-term--child\" data-id=\"874\">\r\n            <div class=\"iksm-term__inner\">\r\n                <a class=\"iksm-term__link\" href='https:\/\/xellagida.com\/ru\/enerji-icecegi-toz\/' target='_self'>\r\n\t\t\t\t\t            <div\r\n              class=\"iksm-term__shifts\"\r\n              style=\"width: 15px\"><\/div>\r\n\t\t\t        <span class=\"iksm-term__text\">\u041f\u043e\u0440\u043e\u0448\u043a\u043e\u0432\u044b\u0439 \u044d\u043d\u0435\u0440\u0433\u0435\u0442\u0438\u0447\u0435\u0441\u043a\u0438\u0439 \u043d\u0430\u043f\u0438\u0442\u043e\u043a<\/span>\r\n\t\t                <\/a>\r\n\t\t\t\t            <\/div>\r\n\t\t\t        <\/div>\r\n\r\n\t\t<\/div><\/div>        <\/div>\r\n\r\n\t\t<\/div><\/div><\/div><div id=\"iksm_data_args\" class=\"data-args\"  data-collapse_children_terms='1' data-collapse_other_terms='1' data-collapse_animation_duration='400' data-expand_animation_duration='400' data-disable_parent_links_level='0'><\/div><\/div><script id=\"styles-copier-69e65b34330a7\">\r\n\t\t\t\/\/ Finding styles element\r\n\t        var element = document.getElementById(\"iksm-dynamic-style\");\r\n\t        if (!element) { \/\/ If no element (Cache plugins can remove tag), then creating a new one\r\n                element = document.createElement('style');\r\n                var head = document.getElementsByTagName(\"head\")\r\n                if (head && head[0]) {\r\n                \thead[0].appendChild(element);\r\n                } else {\r\n                  \tconsole.warn(\"Iks Menu | Error while printing styles. Please contact technical support.\");\r\n                }\r\n\t        }\r\n\t\t\t\/\/ Copying styles to <styles> tag\r\n\t        element.innerHTML += \".iksm-691 .iksm-terms{border-top-left-radius:10px;border-top-right-radius:10px;border-bottom-right-radius:10px;border-bottom-left-radius:10px;transition:all 400ms;animation:iks-fade-in 1000ms;}.iksm-691 .iksm-terms-tree--children > .iksm-terms-tree__inner{background-color:rgba(255,255,255,1);animation:iks-zoom-in 400ms;}.iksm-691 .iksm-term__inner{background-color:rgba(240,2,2,1);border-bottom-right-radius:0;border-bottom-left-radius:0;min-height:44px;transition:all 400ms;}.iksm-691 .iksm-term__inner:hover{background-color:rgba(203,3,3,0.88);}.iksm-691 .iksm-term--current > .iksm-term__inner{background-color:rgba(212,212,212,1);}.iksm-691 .iksm-term--child .iksm-term__inner{background-color:rgba(255,255,255,1);}.iksm-691 .iksm-term--child .iksm-term__inner:hover{background-color:rgba(188,188,191,1);}.iksm-691 .iksm-term__link{color:rgba(255,255,255,1);font-size:16px;line-height:15px;font-weight:900;text-decoration:none;padding-top:5px;padding-right:15px;padding-bottom:5px;padding-left:15px;transition:all 400ms;}.iksm-691 .iksm-term__inner:hover .iksm-term__link{color:rgba(255,255,255,1);}.iksm-691 .iksm-term--child .iksm-term__inner .iksm-term__link{color:rgba(10,10,9,1);}.iksm-691 .iksm-term--child .iksm-term__inner:hover .iksm-term__link{color:rgba(219,10,12,1);}.iksm-691 .iksm-term__toggle__inner{transition:transform 400ms}.iksm-691 .iksm-term--expanded > .iksm-term__inner > .iksm-term__toggle > .iksm-term__toggle__inner{transform:rotate(180deg);}.iksm-691 .iksm-term__toggle{color:rgba(255,255,255,1);font-size:22px;align-self:stretch;height:unset;;width:40px;transition:all 400ms;}.iksm-691 .iksm-term__toggle:hover{color:rgba(0,0,0,1);}.iksm-691 .iksm-term--current > .iksm-term__inner .iksm-term__toggle{color:rgba(255,255,255,1);}.iksm-691 .iksm-term--child .iksm-term__inner .iksm-term__toggle{color:rgba(255,255,255,1);}.iksm-691 .iksm-term--child.iksm-term--current > .iksm-term__inner .iksm-term__toggle{color:rgba(255,255,255,1);}.iksm-691 .iksm-term__image-container{width:30px;min-width:30px;height:30px;min-height:30px;margin-right:15px;transition:all 400ms;}.iksm-691 .iksm-term__image{background-size:contain;background-position:center;background-repeat:no-repeat;}.iksm-691 .iksm-term__image-container:hover{background-size:contain;background-position:center;background-repeat:no-repeat;}.iksm-691 .iksm-term__inner:hover .iksm-term__image-container{background-size:contain;background-position:center;background-repeat:no-repeat;}.iksm-691 .iksm-term--current > .iksm-term__inner .iksm-term__image-container{background-size:contain;background-position:center;background-repeat:no-repeat;}.iksm-691 .iksm-term--child .iksm-term__inner .iksm-term__image-container{background-size:contain;background-position:center;background-repeat:no-repeat;}.iksm-691 .iksm-term--child .iksm-term__inner .iksm-term__image-container:hover{background-size:contain;background-position:center;background-repeat:no-repeat;}.iksm-691 .iksm-term--child.iksm-term--current > .iksm-term__inner .iksm-term__image-container{background-size:contain;background-position:center;background-repeat:no-repeat;}.iksm-691  .iksm-term__text{flex: unset}.iksm-691 .iksm-term__posts-count{color:rgba(133,133,133,1);font-size:16px;margin-left:12px;font-weight:400;transition:all 400ms;}.iksm-691 .iksm-term--collapsing > .iksm-terms-tree--children > .iksm-terms-tree__inner{animation:iks-zoom-out 400ms;}\";\r\n\t        \/\/ Removing this script\r\n            var this_script = document.getElementById(\"styles-copier-69e65b34330a7\");\r\n            if (this_script) { \/\/ Cache plugins can remove tag\r\n\t            this_script.outerHTML = \"\";\r\n\t            if (this_script.parentNode) {\r\n\t                this_script.parentNode.removeChild(this_script);\r\n\t            }\r\n            }\r\n        <\/script><\/div>\n\t\t\t\t<\/div>\n\t\t\t\t<\/div>\n\t\t\t\t<div class=\"elementor-element elementor-element-6e7d5118 elementor-widget elementor-widget-text-editor\" data-id=\"6e7d5118\" data-element_type=\"widget\" data-widget_type=\"text-editor.default\">\n\t\t\t\t<div class=\"elementor-widget-container\">\n\t\t\t<style>\/*! elementor - v3.14.0 - 26-06-2023 *\/\n.elementor-widget-text-editor.elementor-drop-cap-view-stacked .elementor-drop-cap{background-color:#69727d;color:#fff}.elementor-widget-text-editor.elementor-drop-cap-view-framed .elementor-drop-cap{color:#69727d;border:3px solid;background-color:transparent}.elementor-widget-text-editor:not(.elementor-drop-cap-view-default) .elementor-drop-cap{margin-top:8px}.elementor-widget-text-editor:not(.elementor-drop-cap-view-default) .elementor-drop-cap-letter{width:1em;height:1em}.elementor-widget-text-editor .elementor-drop-cap{float:left;text-align:center;line-height:1;font-size:50px}.elementor-widget-text-editor .elementor-drop-cap-letter{display:inline-block}<\/style>\t\t\t\t\u041a\u0430\u043a\u0430\u043e, \u0432\u0430\u043d\u0438\u043b\u0438\u043d \u0438 \u0440\u0430\u0437\u0440\u044b\u0445\u043b\u0438\u0442\u0435\u043b\u044c, \u043a\u043e\u0442\u043e\u0440\u044b\u0435 \u044f\u0432\u043b\u044f\u044e\u0442\u0441\u044f \u043d\u0430\u0448\u0438\u043c\u0438 \u043e\u0441\u043d\u043e\u0432\u043d\u044b\u043c\u0438 \u043f\u043e\u043c\u043e\u0449\u043d\u0438\u043a\u0438 \u043d\u0430 \u043a\u0443\u0445\u043d\u0435, \u043e\u0431\u043b\u0435\u0433\u0447\u0430\u044e\u0442 \u043f\u0440\u0438\u0433\u043e\u0442\u043e\u0432\u043b\u0435\u043d\u0438\u0435 \u0438 \u043f\u0440\u0438\u0434\u0430\u044e\u0442 \u0432\u043a\u0443\u0441 \u0438 \u0430\u0440\u043e\u043c\u0430\u0442 \u043b\u044e\u0431\u043e\u0439 \u0432\u044b\u043f\u0435\u0447\u043a\u0435. \u0412\u044b \u043c\u043e\u0436\u0435\u0442\u0435 \u043e\u0441\u0447\u0430\u0441\u0442\u043b\u0438\u0432\u0438\u0442\u044c \u0441\u0432\u043e\u0438\u0445 \u0431\u043b\u0438\u0437\u043a\u0438\u0445, \u043f\u0440\u0438\u0433\u043e\u0442\u043e\u0432\u0438\u0432 \u0432\u043a\u0443\u0441\u043d\u044b\u0435 \u0440\u0435\u0446\u0435\u043f\u0442\u044b \u0434\u043b\u044f \u0441\u0432\u043e\u0438\u0445 \u0431\u043b\u0438\u0437\u043a\u0438\u0445, \u0438\u0441\u043f\u043e\u043b\u044c\u0437\u0443\u044f \u043f\u0440\u043e\u0434\u0443\u043a\u0442\u044b \u0431\u0440\u0435\u043d\u0434\u0430 XELLA\t\t\t\t\t\t<\/div>\n\t\t\t\t<\/div>\n\t\t\t\t\t<\/div>\n\t\t<\/div>\n\t\t\t\t<div class=\"elementor-column elementor-col-50 elementor-top-column elementor-element elementor-element-149dc5c2\" data-id=\"149dc5c2\" data-element_type=\"column\" data-settings=\"{&quot;background_background&quot;:&quot;classic&quot;}\">\n\t\t\t<div class=\"elementor-widget-wrap elementor-element-populated\">\n\t\t\t\t\t\t\t\t<div class=\"elementor-element elementor-element-7722d969 elementor-widget elementor-widget-image\" data-id=\"7722d969\" data-element_type=\"widget\" data-widget_type=\"image.default\">\n\t\t\t\t<div class=\"elementor-widget-container\">\n\t\t\t<style>\/*! elementor - v3.14.0 - 26-06-2023 *\/\n.elementor-widget-image{text-align:center}.elementor-widget-image a{display:inline-block}.elementor-widget-image a img[src$=\".svg\"]{width:48px}.elementor-widget-image img{vertical-align:middle;display:inline-block}<\/style>\t\t\t\t\t\t\t\t\t\t\t\t<img decoding=\"async\" width=\"811\" height=\"608\" src=\"https:\/\/xellagida.com\/wp-content\/uploads\/2023\/03\/kakako-ru.png\" class=\"attachment-full size-full wp-image-798\" alt=\"\" loading=\"lazy\" srcset=\"https:\/\/xellagida.com\/wp-content\/uploads\/2023\/03\/kakako-ru.png 811w, https:\/\/xellagida.com\/wp-content\/uploads\/2023\/03\/kakako-ru-300x225.png 300w, https:\/\/xellagida.com\/wp-content\/uploads\/2023\/03\/kakako-ru-768x576.png 768w, https:\/\/xellagida.com\/wp-content\/uploads\/2023\/03\/kakako-ru-16x12.png 16w\" sizes=\"(max-width: 811px) 100vw, 811px\" \/>\t\t\t\t\t\t\t\t\t\t\t\t\t\t\t<\/div>\n\t\t\t\t<\/div>\n\t\t\t\t\t<\/div>\n\t\t<\/div>\n\t\t\t\t\t\t\t<\/div>\n\t\t<\/section>\n\t\t\t\t\t\t\t<\/div>","protected":false},"excerpt":{"rendered":"<p>\u00dcR\u00dcN GRUPLARI Temel mutfak yard\u0131mc\u0131lar\u0131m\u0131zdan olan kakao , vanilin ve kabartma tozu bir \u00e7ok pasta tariflerini kolayla\u015ft\u0131rmakta ve lezzetlendirmektedir. Sizde sevdikleriniz i\u00e7in XELLA markam\u0131z ile nefis tarifler haz\u0131rlay\u0131p onlar\u0131 mutlu edebilirsiniz.<\/p>","protected":false},"author":1,"featured_media":0,"parent":0,"menu_order":0,"comment_status":"closed","ping_status":"closed","template":"elementor_header_footer","meta":[],"_links":{"self":[{"href":"https:\/\/xellagida.com\/ru\/wp-json\/wp\/v2\/pages\/795"}],"collection":[{"href":"https:\/\/xellagida.com\/ru\/wp-json\/wp\/v2\/pages"}],"about":[{"href":"https:\/\/xellagida.com\/ru\/wp-json\/wp\/v2\/types\/page"}],"author":[{"embeddable":true,"href":"https:\/\/xellagida.com\/ru\/wp-json\/wp\/v2\/users\/1"}],"replies":[{"embeddable":true,"href":"https:\/\/xellagida.com\/ru\/wp-json\/wp\/v2\/comments?post=795"}],"version-history":[{"count":7,"href":"https:\/\/xellagida.com\/ru\/wp-json\/wp\/v2\/pages\/795\/revisions"}],"predecessor-version":[{"id":1189,"href":"https:\/\/xellagida.com\/ru\/wp-json\/wp\/v2\/pages\/795\/revisions\/1189"}],"wp:attachment":[{"href":"https:\/\/xellagida.com\/ru\/wp-json\/wp\/v2\/media?parent=795"}],"curies":[{"name":"wp","href":"https:\/\/api.w.org\/{rel}","templated":true}]}}