{"id":735,"date":"2023-01-18T21:19:48","date_gmt":"2023-01-18T21:19:48","guid":{"rendered":"https:\/\/xellagida.com\/?page_id=735"},"modified":"2023-02-01T08:39:19","modified_gmt":"2023-02-01T08:39:19","slug":"tup-cikolata","status":"publish","type":"page","link":"https:\/\/xellagida.com\/en\/tup-cikolata\/","title":{"rendered":"Chocolate Spreads (Tube)"},"content":{"rendered":"<div data-elementor-type=\"wp-page\" data-elementor-id=\"735\" class=\"elementor elementor-735\" data-elementor-post-type=\"page\">\n\t\t\t\t\t\t\t\t\t<section class=\"elementor-section elementor-top-section elementor-element elementor-element-56948ade elementor-section-boxed elementor-section-height-default elementor-section-height-default\" data-id=\"56948ade\" data-element_type=\"section\">\n\t\t\t\t\t\t\t<div class=\"elementor-background-overlay\"><\/div>\n\t\t\t\t\t\t\t<div class=\"elementor-container elementor-column-gap-default\">\n\t\t\t\t\t<div class=\"elementor-column elementor-col-50 elementor-top-column elementor-element elementor-element-64d17699\" data-id=\"64d17699\" data-element_type=\"column\" data-settings=\"{&quot;background_background&quot;:&quot;classic&quot;}\">\n\t\t\t<div class=\"elementor-widget-wrap elementor-element-populated\">\n\t\t\t\t\t\t\t\t<div class=\"elementor-element elementor-element-1fff9ab0 elementor-widget elementor-widget-heading\" data-id=\"1fff9ab0\" data-element_type=\"widget\" data-settings=\"{&quot;_animation&quot;:&quot;none&quot;}\" data-widget_type=\"heading.default\">\n\t\t\t\t<div class=\"elementor-widget-container\">\n\t\t\t<style>\/*! elementor - v3.14.0 - 26-06-2023 *\/\n.elementor-heading-title{padding:0;margin:0;line-height:1}.elementor-widget-heading .elementor-heading-title[class*=elementor-size-]>a{color:inherit;font-size:inherit;line-height:inherit}.elementor-widget-heading .elementor-heading-title.elementor-size-small{font-size:15px}.elementor-widget-heading .elementor-heading-title.elementor-size-medium{font-size:19px}.elementor-widget-heading .elementor-heading-title.elementor-size-large{font-size:29px}.elementor-widget-heading .elementor-heading-title.elementor-size-xl{font-size:39px}.elementor-widget-heading .elementor-heading-title.elementor-size-xxl{font-size:59px}<\/style><h4 class=\"elementor-heading-title elementor-size-default\">PRODUCT GROUPS<\/h4>\t\t<\/div>\n\t\t\t\t<\/div>\n\t\t\t\t<div class=\"elementor-element elementor-element-3543e61b elementor-widget elementor-widget-shortcode\" data-id=\"3543e61b\" data-element_type=\"widget\" data-widget_type=\"shortcode.default\">\n\t\t\t\t<div class=\"elementor-widget-container\">\n\t\t\t\t\t<div class=\"elementor-shortcode\"><div id='iksm-691' class='iksm iksm-691 iksm-container'  data-id='691' data-is-pro='Array' data-source='menu'><div class='iksm-terms'><div class='iksm-terms-tree iksm-terms-tree--level-1 iksm-terms-tree--parents' style=''><div class=\"iksm-terms-tree__inner\">\r\n        <div class=\"iksm-term iksm-term--id-734 iksm-term--parent iksm-term--has-children iksm-term--expanded iksm-term--expanded-current\" data-id=\"734\">\r\n            <div class=\"iksm-term__inner\">\r\n                <a class=\"iksm-term__link\" data-toggle='1'>\r\n\t\t\t\t\t        <span class=\"iksm-term__text\">CHOCOLATE GROUP<\/span>\r\n\t\t                <\/a>\r\n\t\t\t\t            <div class=\"iksm-term__toggle\">\r\n                <span class=\"iksm-term__toggle__inner\"><i class='iks-icon-chevron-1'><\/i><\/span>\r\n            <\/div>\r\n\t\t\t            <\/div>\r\n\t\t\t<div class='iksm-terms-tree iksm-terms-tree--level-2 iksm-terms-tree--children' style='display: block;'><div class=\"iksm-terms-tree__inner\">\r\n        <div class=\"iksm-term iksm-term--id-681 iksm-term--child\" data-id=\"681\">\r\n            <div class=\"iksm-term__inner\">\r\n                <a class=\"iksm-term__link\" href='https:\/\/xellagida.com\/en\/urunler\/' target='_self'>\r\n\t\t\t\t\t            <div\r\n              class=\"iksm-term__shifts\"\r\n              style=\"width: 15px\"><\/div>\r\n\t\t\t        <span class=\"iksm-term__text\">Chocolate Spreads (Bucket)<\/span>\r\n\t\t                <\/a>\r\n\t\t\t\t            <\/div>\r\n\t\t\t        <\/div>\r\n\r\n\t\t\r\n        <div class=\"iksm-term iksm-term--id-753 iksm-term--child iksm-term--current\" data-id=\"753\">\r\n            <div class=\"iksm-term__inner\">\r\n                <a class=\"iksm-term__link\" href='https:\/\/xellagida.com\/en\/tup-cikolata\/' target='_self'>\r\n\t\t\t\t\t            <div\r\n              class=\"iksm-term__shifts\"\r\n              style=\"width: 15px\"><\/div>\r\n\t\t\t        <span class=\"iksm-term__text\">Chocolate Spreads (Tube)<\/span>\r\n\t\t                <\/a>\r\n\t\t\t\t            <\/div>\r\n\t\t\t        <\/div>\r\n\r\n\t\t\r\n        <div class=\"iksm-term iksm-term--id-686 iksm-term--child\" data-id=\"686\">\r\n            <div class=\"iksm-term__inner\">\r\n                <a class=\"iksm-term__link\" href='https:\/\/xellagida.com\/en\/cam-sise-cikolata\/' target='_self'>\r\n\t\t\t\t\t            <div\r\n              class=\"iksm-term__shifts\"\r\n              style=\"width: 15px\"><\/div>\r\n\t\t\t        <span class=\"iksm-term__text\">Chocolate Spreads (Glass Jar)<\/span>\r\n\t\t                <\/a>\r\n\t\t\t\t            <\/div>\r\n\t\t\t        <\/div>\r\n\r\n\t\t<\/div><\/div>        <\/div>\r\n\r\n\t\t\r\n        <div class=\"iksm-term iksm-term--id-777 iksm-term--parent iksm-term--has-children\" data-id=\"777\">\r\n            <div class=\"iksm-term__inner\">\r\n                <a class=\"iksm-term__link\" data-toggle='1'>\r\n\t\t\t\t\t        <span class=\"iksm-term__text\">PASTRY GROUP<\/span>\r\n\t\t                <\/a>\r\n\t\t\t\t            <div class=\"iksm-term__toggle\">\r\n                <span class=\"iksm-term__toggle__inner\"><i class='iks-icon-chevron-1'><\/i><\/span>\r\n            <\/div>\r\n\t\t\t            <\/div>\r\n\t\t\t<div class='iksm-terms-tree iksm-terms-tree--level-2 iksm-terms-tree--children' style=''><div class=\"iksm-terms-tree__inner\">\r\n        <div class=\"iksm-term iksm-term--id-688 iksm-term--child\" data-id=\"688\">\r\n            <div class=\"iksm-term__inner\">\r\n                <a class=\"iksm-term__link\" href='https:\/\/xellagida.com\/en\/sekerli-vanilin\/' target='_self'>\r\n\t\t\t\t\t            <div\r\n              class=\"iksm-term__shifts\"\r\n              style=\"width: 15px\"><\/div>\r\n\t\t\t        <span class=\"iksm-term__text\">Sugared vanilla<\/span>\r\n\t\t                <\/a>\r\n\t\t\t\t            <\/div>\r\n\t\t\t        <\/div>\r\n\r\n\t\t\r\n        <div class=\"iksm-term iksm-term--id-783 iksm-term--child\" data-id=\"783\">\r\n            <div class=\"iksm-term__inner\">\r\n                <a class=\"iksm-term__link\" href='https:\/\/xellagida.com\/en\/kabartma-tozu\/' target='_self'>\r\n\t\t\t\t\t            <div\r\n              class=\"iksm-term__shifts\"\r\n              style=\"width: 15px\"><\/div>\r\n\t\t\t        <span class=\"iksm-term__text\">Baking Powder<\/span>\r\n\t\t                <\/a>\r\n\t\t\t\t            <\/div>\r\n\t\t\t        <\/div>\r\n\r\n\t\t\r\n        <div class=\"iksm-term iksm-term--id-802 iksm-term--child\" data-id=\"802\">\r\n            <div class=\"iksm-term__inner\">\r\n                <a class=\"iksm-term__link\" href='https:\/\/xellagida.com\/en\/kakao\/' target='_self'>\r\n\t\t\t\t\t            <div\r\n              class=\"iksm-term__shifts\"\r\n              style=\"width: 15px\"><\/div>\r\n\t\t\t        <span class=\"iksm-term__text\">Cocoa<\/span>\r\n\t\t                <\/a>\r\n\t\t\t\t            <\/div>\r\n\t\t\t        <\/div>\r\n\r\n\t\t<\/div><\/div>        <\/div>\r\n\r\n\t\t\r\n        <div class=\"iksm-term iksm-term--id-964 iksm-term--parent iksm-term--has-children\" data-id=\"964\">\r\n            <div class=\"iksm-term__inner\">\r\n                <a class=\"iksm-term__link\" data-toggle='1'>\r\n\t\t\t\t\t        <span class=\"iksm-term__text\">MILK POWDER &amp;COFFE CREAMER<\/span>\r\n\t\t                <\/a>\r\n\t\t\t\t            <div class=\"iksm-term__toggle\">\r\n                <span class=\"iksm-term__toggle__inner\"><i class='iks-icon-chevron-1'><\/i><\/span>\r\n            <\/div>\r\n\t\t\t            <\/div>\r\n\t\t\t<div class='iksm-terms-tree iksm-terms-tree--level-2 iksm-terms-tree--children' style=''><div class=\"iksm-terms-tree__inner\">\r\n        <div class=\"iksm-term iksm-term--id-843 iksm-term--child\" data-id=\"843\">\r\n            <div class=\"iksm-term__inner\">\r\n                <a class=\"iksm-term__link\" href='https:\/\/xellagida.com\/en\/sut-tozu-kahve-kremasi\/' target='_self'>\r\n\t\t\t\t\t            <div\r\n              class=\"iksm-term__shifts\"\r\n              style=\"width: 15px\"><\/div>\r\n\t\t\t        <span class=\"iksm-term__text\">Milk Powder<\/span>\r\n\t\t                <\/a>\r\n\t\t\t\t            <\/div>\r\n\t\t\t        <\/div>\r\n\r\n\t\t\r\n        <div class=\"iksm-term iksm-term--id-851 iksm-term--child\" data-id=\"851\">\r\n            <div class=\"iksm-term__inner\">\r\n                <a class=\"iksm-term__link\" href='https:\/\/xellagida.com\/en\/kahve-kremasi\/' target='_self'>\r\n\t\t\t\t\t            <div\r\n              class=\"iksm-term__shifts\"\r\n              style=\"width: 15px\"><\/div>\r\n\t\t\t        <span class=\"iksm-term__text\">Coffee Creamer<\/span>\r\n\t\t                <\/a>\r\n\t\t\t\t            <\/div>\r\n\t\t\t        <\/div>\r\n\r\n\t\t<\/div><\/div>        <\/div>\r\n\r\n\t\t\r\n        <div class=\"iksm-term iksm-term--id-876 iksm-term--parent iksm-term--has-children\" data-id=\"876\">\r\n            <div class=\"iksm-term__inner\">\r\n                <a class=\"iksm-term__link\" data-toggle='1'>\r\n\t\t\t\t\t        <span class=\"iksm-term__text\">POWDERED DRINK GROUP<\/span>\r\n\t\t                <\/a>\r\n\t\t\t\t            <div class=\"iksm-term__toggle\">\r\n                <span class=\"iksm-term__toggle__inner\"><i class='iks-icon-chevron-1'><\/i><\/span>\r\n            <\/div>\r\n\t\t\t            <\/div>\r\n\t\t\t<div class='iksm-terms-tree iksm-terms-tree--level-2 iksm-terms-tree--children' style=''><div class=\"iksm-terms-tree__inner\">\r\n        <div class=\"iksm-term iksm-term--id-872 iksm-term--child\" data-id=\"872\">\r\n            <div class=\"iksm-term__inner\">\r\n                <a class=\"iksm-term__link\" href='https:\/\/xellagida.com\/en\/visne-toz-icecek\/' target='_self'>\r\n\t\t\t\t\t            <div\r\n              class=\"iksm-term__shifts\"\r\n              style=\"width: 15px\"><\/div>\r\n\t\t\t        <span class=\"iksm-term__text\">Cherry Powder Drink<\/span>\r\n\t\t                <\/a>\r\n\t\t\t\t            <\/div>\r\n\t\t\t        <\/div>\r\n\r\n\t\t\r\n        <div class=\"iksm-term iksm-term--id-875 iksm-term--child\" data-id=\"875\">\r\n            <div class=\"iksm-term__inner\">\r\n                <a class=\"iksm-term__link\" href='https:\/\/xellagida.com\/en\/cilek-toz-icecek\/' target='_self'>\r\n\t\t\t\t\t            <div\r\n              class=\"iksm-term__shifts\"\r\n              style=\"width: 15px\"><\/div>\r\n\t\t\t        <span class=\"iksm-term__text\">Strawberry Powder Drink<\/span>\r\n\t\t                <\/a>\r\n\t\t\t\t            <\/div>\r\n\t\t\t        <\/div>\r\n\r\n\t\t\r\n        <div class=\"iksm-term iksm-term--id-873 iksm-term--child\" data-id=\"873\">\r\n            <div class=\"iksm-term__inner\">\r\n                <a class=\"iksm-term__link\" href='https:\/\/xellagida.com\/en\/kola-toz-icecek\/' target='_self'>\r\n\t\t\t\t\t            <div\r\n              class=\"iksm-term__shifts\"\r\n              style=\"width: 15px\"><\/div>\r\n\t\t\t        <span class=\"iksm-term__text\">Cola Powder Drink<\/span>\r\n\t\t                <\/a>\r\n\t\t\t\t            <\/div>\r\n\t\t\t        <\/div>\r\n\r\n\t\t\r\n        <div class=\"iksm-term iksm-term--id-874 iksm-term--child\" data-id=\"874\">\r\n            <div class=\"iksm-term__inner\">\r\n                <a class=\"iksm-term__link\" href='https:\/\/xellagida.com\/en\/enerji-icecegi-toz\/' target='_self'>\r\n\t\t\t\t\t            <div\r\n              class=\"iksm-term__shifts\"\r\n              style=\"width: 15px\"><\/div>\r\n\t\t\t        <span class=\"iksm-term__text\">Powder Energy Drink<\/span>\r\n\t\t                <\/a>\r\n\t\t\t\t            <\/div>\r\n\t\t\t        <\/div>\r\n\r\n\t\t<\/div><\/div>        <\/div>\r\n\r\n\t\t<\/div><\/div><\/div><div id=\"iksm_data_args\" class=\"data-args\"  data-collapse_children_terms='1' data-collapse_other_terms='1' data-collapse_animation_duration='400' data-expand_animation_duration='400' data-disable_parent_links_level='0'><\/div><\/div><script id=\"styles-copier-69e65b7c1b1d8\">\r\n\t\t\t\/\/ Finding styles element\r\n\t        var element = document.getElementById(\"iksm-dynamic-style\");\r\n\t        if (!element) { \/\/ If no element (Cache plugins can remove tag), then creating a new one\r\n                element = document.createElement('style');\r\n                var head = document.getElementsByTagName(\"head\")\r\n                if (head && head[0]) {\r\n                \thead[0].appendChild(element);\r\n                } else {\r\n                  \tconsole.warn(\"Iks Menu | Error while printing styles. Please contact technical support.\");\r\n                }\r\n\t        }\r\n\t\t\t\/\/ Copying styles to <styles> tag\r\n\t        element.innerHTML += \".iksm-691 .iksm-terms{border-top-left-radius:10px;border-top-right-radius:10px;border-bottom-right-radius:10px;border-bottom-left-radius:10px;transition:all 400ms;animation:iks-fade-in 1000ms;}.iksm-691 .iksm-terms-tree--children > .iksm-terms-tree__inner{background-color:rgba(255,255,255,1);animation:iks-zoom-in 400ms;}.iksm-691 .iksm-term__inner{background-color:rgba(240,2,2,1);border-bottom-right-radius:0;border-bottom-left-radius:0;min-height:44px;transition:all 400ms;}.iksm-691 .iksm-term__inner:hover{background-color:rgba(203,3,3,0.88);}.iksm-691 .iksm-term--current > .iksm-term__inner{background-color:rgba(212,212,212,1);}.iksm-691 .iksm-term--child .iksm-term__inner{background-color:rgba(255,255,255,1);}.iksm-691 .iksm-term--child .iksm-term__inner:hover{background-color:rgba(188,188,191,1);}.iksm-691 .iksm-term__link{color:rgba(255,255,255,1);font-size:16px;line-height:15px;font-weight:900;text-decoration:none;padding-top:5px;padding-right:15px;padding-bottom:5px;padding-left:15px;transition:all 400ms;}.iksm-691 .iksm-term__inner:hover .iksm-term__link{color:rgba(255,255,255,1);}.iksm-691 .iksm-term--child .iksm-term__inner .iksm-term__link{color:rgba(10,10,9,1);}.iksm-691 .iksm-term--child .iksm-term__inner:hover .iksm-term__link{color:rgba(219,10,12,1);}.iksm-691 .iksm-term__toggle__inner{transition:transform 400ms}.iksm-691 .iksm-term--expanded > .iksm-term__inner > .iksm-term__toggle > .iksm-term__toggle__inner{transform:rotate(180deg);}.iksm-691 .iksm-term__toggle{color:rgba(255,255,255,1);font-size:22px;align-self:stretch;height:unset;;width:40px;transition:all 400ms;}.iksm-691 .iksm-term__toggle:hover{color:rgba(0,0,0,1);}.iksm-691 .iksm-term--current > .iksm-term__inner .iksm-term__toggle{color:rgba(255,255,255,1);}.iksm-691 .iksm-term--child .iksm-term__inner .iksm-term__toggle{color:rgba(255,255,255,1);}.iksm-691 .iksm-term--child.iksm-term--current > .iksm-term__inner .iksm-term__toggle{color:rgba(255,255,255,1);}.iksm-691 .iksm-term__image-container{width:30px;min-width:30px;height:30px;min-height:30px;margin-right:15px;transition:all 400ms;}.iksm-691 .iksm-term__image{background-size:contain;background-position:center;background-repeat:no-repeat;}.iksm-691 .iksm-term__image-container:hover{background-size:contain;background-position:center;background-repeat:no-repeat;}.iksm-691 .iksm-term__inner:hover .iksm-term__image-container{background-size:contain;background-position:center;background-repeat:no-repeat;}.iksm-691 .iksm-term--current > .iksm-term__inner .iksm-term__image-container{background-size:contain;background-position:center;background-repeat:no-repeat;}.iksm-691 .iksm-term--child .iksm-term__inner .iksm-term__image-container{background-size:contain;background-position:center;background-repeat:no-repeat;}.iksm-691 .iksm-term--child .iksm-term__inner .iksm-term__image-container:hover{background-size:contain;background-position:center;background-repeat:no-repeat;}.iksm-691 .iksm-term--child.iksm-term--current > .iksm-term__inner .iksm-term__image-container{background-size:contain;background-position:center;background-repeat:no-repeat;}.iksm-691  .iksm-term__text{flex: unset}.iksm-691 .iksm-term__posts-count{color:rgba(133,133,133,1);font-size:16px;margin-left:12px;font-weight:400;transition:all 400ms;}.iksm-691 .iksm-term--collapsing > .iksm-terms-tree--children > .iksm-terms-tree__inner{animation:iks-zoom-out 400ms;}\";\r\n\t        \/\/ Removing this script\r\n            var this_script = document.getElementById(\"styles-copier-69e65b7c1b1d8\");\r\n            if (this_script) { \/\/ Cache plugins can remove tag\r\n\t            this_script.outerHTML = \"\";\r\n\t            if (this_script.parentNode) {\r\n\t                this_script.parentNode.removeChild(this_script);\r\n\t            }\r\n            }\r\n        <\/script><\/div>\n\t\t\t\t<\/div>\n\t\t\t\t<\/div>\n\t\t\t\t<div class=\"elementor-element elementor-element-4cff708 elementor-widget elementor-widget-text-editor\" data-id=\"4cff708\" data-element_type=\"widget\" data-widget_type=\"text-editor.default\">\n\t\t\t\t<div class=\"elementor-widget-container\">\n\t\t\t<style>\/*! elementor - v3.14.0 - 26-06-2023 *\/\n.elementor-widget-text-editor.elementor-drop-cap-view-stacked .elementor-drop-cap{background-color:#69727d;color:#fff}.elementor-widget-text-editor.elementor-drop-cap-view-framed .elementor-drop-cap{color:#69727d;border:3px solid;background-color:transparent}.elementor-widget-text-editor:not(.elementor-drop-cap-view-default) .elementor-drop-cap{margin-top:8px}.elementor-widget-text-editor:not(.elementor-drop-cap-view-default) .elementor-drop-cap-letter{width:1em;height:1em}.elementor-widget-text-editor .elementor-drop-cap{float:left;text-align:center;line-height:1;font-size:50px}.elementor-widget-text-editor .elementor-drop-cap-letter{display:inline-block}<\/style>\t\t\t\t<p>Xella; quality assurance system has used to produce healthy and natural chocolate cream that everyone loves in every age. Addictive taste of Xella. Xella sold in different size of ambalages in the brand name of Xella duo.<\/p>\t\t\t\t\t\t<\/div>\n\t\t\t\t<\/div>\n\t\t\t\t\t<\/div>\n\t\t<\/div>\n\t\t\t\t<div class=\"elementor-column elementor-col-50 elementor-top-column elementor-element elementor-element-70bbd89b\" data-id=\"70bbd89b\" data-element_type=\"column\" data-settings=\"{&quot;background_background&quot;:&quot;classic&quot;}\">\n\t\t\t<div class=\"elementor-widget-wrap elementor-element-populated\">\n\t\t\t\t\t\t\t\t<div class=\"elementor-element elementor-element-4186c861 elementor-widget elementor-widget-image\" data-id=\"4186c861\" data-element_type=\"widget\" data-widget_type=\"image.default\">\n\t\t\t\t<div class=\"elementor-widget-container\">\n\t\t\t<style>\/*! elementor - v3.14.0 - 26-06-2023 *\/\n.elementor-widget-image{text-align:center}.elementor-widget-image a{display:inline-block}.elementor-widget-image a img[src$=\".svg\"]{width:48px}.elementor-widget-image img{vertical-align:middle;display:inline-block}<\/style>\t\t\t\t\t\t\t\t\t\t\t\t<img decoding=\"async\" width=\"805\" height=\"510\" src=\"https:\/\/xellagida.com\/wp-content\/uploads\/2023\/03\/kremcikolata-en.png\" class=\"attachment-full size-full wp-image-741\" alt=\"\" loading=\"lazy\" srcset=\"https:\/\/xellagida.com\/wp-content\/uploads\/2023\/03\/kremcikolata-en.png 805w, https:\/\/xellagida.com\/wp-content\/uploads\/2023\/03\/kremcikolata-en-300x190.png 300w, https:\/\/xellagida.com\/wp-content\/uploads\/2023\/03\/kremcikolata-en-768x487.png 768w, https:\/\/xellagida.com\/wp-content\/uploads\/2023\/03\/kremcikolata-en-18x12.png 18w\" sizes=\"(max-width: 805px) 100vw, 805px\" \/>\t\t\t\t\t\t\t\t\t\t\t\t\t\t\t<\/div>\n\t\t\t\t<\/div>\n\t\t\t\t\t<\/div>\n\t\t<\/div>\n\t\t\t\t\t\t\t<\/div>\n\t\t<\/section>\n\t\t\t\t\t\t\t<\/div>","protected":false},"excerpt":{"rendered":"<p>\u00dcR\u00dcN GRUPLARI 7 den 77 ye herkesin severek t\u00fcketti\u011fi krem \u00e7ikolata XELLA kalite ve g\u00fcvencesi ile en do\u011fal hammaddeler kullan\u0131larak \u00fcretilmektedir. Damak tad\u0131na d\u00fc\u015fk\u00fcn olanlar\u0131n vazge\u00e7emeyece\u011fi bir tat.<\/p>","protected":false},"author":1,"featured_media":0,"parent":0,"menu_order":0,"comment_status":"closed","ping_status":"closed","template":"elementor_header_footer","meta":[],"_links":{"self":[{"href":"https:\/\/xellagida.com\/en\/wp-json\/wp\/v2\/pages\/735"}],"collection":[{"href":"https:\/\/xellagida.com\/en\/wp-json\/wp\/v2\/pages"}],"about":[{"href":"https:\/\/xellagida.com\/en\/wp-json\/wp\/v2\/types\/page"}],"author":[{"embeddable":true,"href":"https:\/\/xellagida.com\/en\/wp-json\/wp\/v2\/users\/1"}],"replies":[{"embeddable":true,"href":"https:\/\/xellagida.com\/en\/wp-json\/wp\/v2\/comments?post=735"}],"version-history":[{"count":24,"href":"https:\/\/xellagida.com\/en\/wp-json\/wp\/v2\/pages\/735\/revisions"}],"predecessor-version":[{"id":1132,"href":"https:\/\/xellagida.com\/en\/wp-json\/wp\/v2\/pages\/735\/revisions\/1132"}],"wp:attachment":[{"href":"https:\/\/xellagida.com\/en\/wp-json\/wp\/v2\/media?parent=735"}],"curies":[{"name":"wp","href":"https:\/\/api.w.org\/{rel}","templated":true}]}}