{"id":129,"date":"2023-01-17T13:27:53","date_gmt":"2023-01-17T13:27:53","guid":{"rendered":"https:\/\/xellagida.com\/?page_id=129"},"modified":"2023-03-06T12:14:22","modified_gmt":"2023-03-06T12:14:22","slug":"hakkimizda","status":"publish","type":"page","link":"https:\/\/xellagida.com\/en\/hakkimizda\/","title":{"rendered":"ABOUT US"},"content":{"rendered":"<div data-elementor-type=\"wp-page\" data-elementor-id=\"129\" class=\"elementor elementor-129\" data-elementor-post-type=\"page\">\n\t\t\t\t\t\t\t\t\t<section class=\"elementor-section elementor-top-section elementor-element elementor-element-47e70f12 elementor-section-boxed elementor-section-height-default elementor-section-height-default\" data-id=\"47e70f12\" data-element_type=\"section\" data-settings=\"{&quot;background_background&quot;:&quot;gradient&quot;,&quot;shape_divider_bottom&quot;:&quot;curve&quot;,&quot;shape_divider_bottom_negative&quot;:&quot;yes&quot;}\">\n\t\t\t\t\t\t\t<div class=\"elementor-background-overlay\"><\/div>\n\t\t\t\t\t\t<div class=\"elementor-shape elementor-shape-bottom\" data-negative=\"true\">\n\t\t\t<svg xmlns=\"http:\/\/www.w3.org\/2000\/svg\" viewbox=\"0 0 1000 100\" preserveaspectratio=\"none\">\n\t<path class=\"elementor-shape-fill\" d=\"M500,97C126.7,96.3,0.8,19.8,0,0v100l1000,0V1C1000,19.4,873.3,97.8,500,97z\"\/>\n<\/svg>\t\t<\/div>\n\t\t\t\t\t<div class=\"elementor-container elementor-column-gap-no\">\n\t\t\t\t\t<div class=\"elementor-column elementor-col-100 elementor-top-column elementor-element elementor-element-451a3b20\" data-id=\"451a3b20\" data-element_type=\"column\">\n\t\t\t<div class=\"elementor-widget-wrap elementor-element-populated\">\n\t\t\t\t\t\t\t\t\t<\/div>\n\t\t<\/div>\n\t\t\t\t\t\t\t<\/div>\n\t\t<\/section>\n\t\t\t\t<section class=\"elementor-section elementor-top-section elementor-element elementor-element-7378f0e5 elementor-section-content-middle elementor-reverse-tablet elementor-reverse-mobile elementor-section-boxed elementor-section-height-default elementor-section-height-default\" data-id=\"7378f0e5\" data-element_type=\"section\" data-settings=\"{&quot;background_background&quot;:&quot;classic&quot;}\">\n\t\t\t\t\t\t\t<div class=\"elementor-background-overlay\"><\/div>\n\t\t\t\t\t\t\t<div class=\"elementor-container elementor-column-gap-no\">\n\t\t\t\t\t<div class=\"elementor-column elementor-col-50 elementor-top-column elementor-element elementor-element-5edc01a\" data-id=\"5edc01a\" data-element_type=\"column\" data-settings=\"{&quot;animation_tablet&quot;:&quot;none&quot;,&quot;animation_mobile&quot;:&quot;none&quot;}\">\n\t\t\t<div class=\"elementor-widget-wrap elementor-element-populated\">\n\t\t\t\t\t\t\t\t<div class=\"elementor-element elementor-element-305dc653 elementor-widget elementor-widget-heading\" data-id=\"305dc653\" data-element_type=\"widget\" data-widget_type=\"heading.default\">\n\t\t\t\t<div class=\"elementor-widget-container\">\n\t\t\t<style>\/*! elementor - v3.14.0 - 26-06-2023 *\/\n.elementor-heading-title{padding:0;margin:0;line-height:1}.elementor-widget-heading .elementor-heading-title[class*=elementor-size-]>a{color:inherit;font-size:inherit;line-height:inherit}.elementor-widget-heading .elementor-heading-title.elementor-size-small{font-size:15px}.elementor-widget-heading .elementor-heading-title.elementor-size-medium{font-size:19px}.elementor-widget-heading .elementor-heading-title.elementor-size-large{font-size:29px}.elementor-widget-heading .elementor-heading-title.elementor-size-xl{font-size:39px}.elementor-widget-heading .elementor-heading-title.elementor-size-xxl{font-size:59px}<\/style><h6 class=\"elementor-heading-title elementor-size-default\">Corporate<\/h6>\t\t<\/div>\n\t\t\t\t<\/div>\n\t\t\t\t<div class=\"elementor-element elementor-element-1450bb96 elementor-widget elementor-widget-heading\" data-id=\"1450bb96\" data-element_type=\"widget\" data-widget_type=\"heading.default\">\n\t\t\t\t<div class=\"elementor-widget-container\">\n\t\t\t<h2 class=\"elementor-heading-title elementor-size-default\">XELLA GIDA <\/h2>\t\t<\/div>\n\t\t\t\t<\/div>\n\t\t\t\t<div class=\"elementor-element elementor-element-5b32364a elementor-widget elementor-widget-text-editor\" data-id=\"5b32364a\" data-element_type=\"widget\" data-widget_type=\"text-editor.default\">\n\t\t\t\t<div class=\"elementor-widget-container\">\n\t\t\t<style>\/*! elementor - v3.14.0 - 26-06-2023 *\/\n.elementor-widget-text-editor.elementor-drop-cap-view-stacked .elementor-drop-cap{background-color:#69727d;color:#fff}.elementor-widget-text-editor.elementor-drop-cap-view-framed .elementor-drop-cap{color:#69727d;border:3px solid;background-color:transparent}.elementor-widget-text-editor:not(.elementor-drop-cap-view-default) .elementor-drop-cap{margin-top:8px}.elementor-widget-text-editor:not(.elementor-drop-cap-view-default) .elementor-drop-cap-letter{width:1em;height:1em}.elementor-widget-text-editor .elementor-drop-cap{float:left;text-align:center;line-height:1;font-size:50px}.elementor-widget-text-editor .elementor-drop-cap-letter{display:inline-block}<\/style>\t\t\t\tIt's carry out the production, filling and packaging of these products, in sensitive and hygienic environments and ensures that they reach the final consumer with its own marketing network.\t\t\t\t\t\t<\/div>\n\t\t\t\t<\/div>\n\t\t\t\t\t<\/div>\n\t\t<\/div>\n\t\t\t\t<div class=\"elementor-column elementor-col-50 elementor-top-column elementor-element elementor-element-669bd6f8\" data-id=\"669bd6f8\" data-element_type=\"column\">\n\t\t\t<div class=\"elementor-widget-wrap elementor-element-populated\">\n\t\t\t\t\t\t\t\t<section class=\"elementor-section elementor-inner-section elementor-element elementor-element-a1ad73f elementor-section-boxed elementor-section-height-default elementor-section-height-default\" data-id=\"a1ad73f\" data-element_type=\"section\">\n\t\t\t\t\t\t<div class=\"elementor-container elementor-column-gap-no\">\n\t\t\t\t\t<div class=\"elementor-column elementor-col-100 elementor-inner-column elementor-element elementor-element-41de23e6\" data-id=\"41de23e6\" data-element_type=\"column\">\n\t\t\t<div class=\"elementor-widget-wrap elementor-element-populated\">\n\t\t\t\t\t\t\t\t<div class=\"elementor-element elementor-element-5707cd52 elementor-invisible elementor-widget elementor-widget-image\" data-id=\"5707cd52\" data-element_type=\"widget\" data-settings=\"{&quot;_animation&quot;:&quot;fadeInDown&quot;,&quot;_animation_tablet&quot;:&quot;none&quot;,&quot;_animation_mobile&quot;:&quot;none&quot;}\" data-widget_type=\"image.default\">\n\t\t\t\t<div class=\"elementor-widget-container\">\n\t\t\t<style>\/*! elementor - v3.14.0 - 26-06-2023 *\/\n.elementor-widget-image{text-align:center}.elementor-widget-image a{display:inline-block}.elementor-widget-image a img[src$=\".svg\"]{width:48px}.elementor-widget-image img{vertical-align:middle;display:inline-block}<\/style>\t\t\t\t\t\t\t\t\t\t\t\t<img decoding=\"async\" width=\"800\" height=\"457\" src=\"https:\/\/xellagida.com\/wp-content\/uploads\/2023\/01\/hakkimizda-gorsel-1024x585.png\" class=\"attachment-large size-large wp-image-1063\" alt=\"\" loading=\"lazy\" srcset=\"https:\/\/xellagida.com\/wp-content\/uploads\/2023\/01\/hakkimizda-gorsel-1024x585.png 1024w, https:\/\/xellagida.com\/wp-content\/uploads\/2023\/01\/hakkimizda-gorsel-300x171.png 300w, https:\/\/xellagida.com\/wp-content\/uploads\/2023\/01\/hakkimizda-gorsel-768x439.png 768w, https:\/\/xellagida.com\/wp-content\/uploads\/2023\/01\/hakkimizda-gorsel-600x343.png 600w, https:\/\/xellagida.com\/wp-content\/uploads\/2023\/01\/hakkimizda-gorsel.png 1483w\" sizes=\"(max-width: 800px) 100vw, 800px\" \/>\t\t\t\t\t\t\t\t\t\t\t\t\t\t\t<\/div>\n\t\t\t\t<\/div>\n\t\t\t\t\t<\/div>\n\t\t<\/div>\n\t\t\t\t\t\t\t<\/div>\n\t\t<\/section>\n\t\t\t\t\t<\/div>\n\t\t<\/div>\n\t\t\t\t\t\t\t<\/div>\n\t\t<\/section>\n\t\t\t\t<section class=\"elementor-section elementor-top-section elementor-element elementor-element-5eb8fb6 elementor-section-boxed elementor-section-height-default elementor-section-height-default\" data-id=\"5eb8fb6\" data-element_type=\"section\">\n\t\t\t\t\t\t<div class=\"elementor-container elementor-column-gap-default\">\n\t\t\t\t\t<div class=\"elementor-column elementor-col-100 elementor-top-column elementor-element elementor-element-406fa09\" data-id=\"406fa09\" data-element_type=\"column\">\n\t\t\t<div class=\"elementor-widget-wrap elementor-element-populated\">\n\t\t\t\t\t\t\t\t<div class=\"elementor-element elementor-element-64b872f elementor-widget elementor-widget-image\" data-id=\"64b872f\" data-element_type=\"widget\" data-widget_type=\"image.default\">\n\t\t\t\t<div class=\"elementor-widget-container\">\n\t\t\t\t\t\t\t\t\t\t\t\t\t\t\t<img decoding=\"async\" width=\"1920\" height=\"1080\" src=\"https:\/\/xellagida.com\/wp-content\/uploads\/2023\/03\/ramella-harita-en.jpg\" class=\"attachment-full size-full wp-image-1119\" alt=\"\" loading=\"lazy\" srcset=\"https:\/\/xellagida.com\/wp-content\/uploads\/2023\/03\/ramella-harita-en.jpg 1920w, https:\/\/xellagida.com\/wp-content\/uploads\/2023\/03\/ramella-harita-en-300x169.jpg 300w, https:\/\/xellagida.com\/wp-content\/uploads\/2023\/03\/ramella-harita-en-1024x576.jpg 1024w, https:\/\/xellagida.com\/wp-content\/uploads\/2023\/03\/ramella-harita-en-768x432.jpg 768w, https:\/\/xellagida.com\/wp-content\/uploads\/2023\/03\/ramella-harita-en-1536x864.jpg 1536w, https:\/\/xellagida.com\/wp-content\/uploads\/2023\/03\/ramella-harita-en-18x10.jpg 18w\" sizes=\"(max-width: 1920px) 100vw, 1920px\" \/>\t\t\t\t\t\t\t\t\t\t\t\t\t\t\t<\/div>\n\t\t\t\t<\/div>\n\t\t\t\t\t<\/div>\n\t\t<\/div>\n\t\t\t\t\t\t\t<\/div>\n\t\t<\/section>\n\t\t\t\t\t\t\t<\/div>","protected":false},"excerpt":{"rendered":"<p>Kurumsal XELLA GIDA XELLA GIDA merkez ofisi Adana\/T\u00fcrkiye\u2019de bulunup, Tacikistan\u2019da kendi \u00fcretim tesisi ve pazarlama a\u011f\u0131 ile Orta Asya pazar\u0131nda faaliyet g\u00f6stermektedir. Bu \u00fcr\u00fcnlerin \u00fcretim, paketleme ve dolumlar\u0131n\u0131 hassas ve hijyenik ortamlarda ger\u00e7ekle\u015ftirip kendi pazarlama a\u011f\u0131 ile nihai t\u00fcketiciye ula\u015fmas\u0131n\u0131 sa\u011flamaktad\u0131r. Nihai t\u00fcketiciye kadar olan \u00fcretim, lojistik s\u00fcre\u00e7leri tamamen kontrol ve denetim alt\u0131nda tutarak kendi [&hellip;]<\/p>","protected":false},"author":1,"featured_media":0,"parent":0,"menu_order":0,"comment_status":"closed","ping_status":"closed","template":"elementor_header_footer","meta":[],"_links":{"self":[{"href":"https:\/\/xellagida.com\/en\/wp-json\/wp\/v2\/pages\/129"}],"collection":[{"href":"https:\/\/xellagida.com\/en\/wp-json\/wp\/v2\/pages"}],"about":[{"href":"https:\/\/xellagida.com\/en\/wp-json\/wp\/v2\/types\/page"}],"author":[{"embeddable":true,"href":"https:\/\/xellagida.com\/en\/wp-json\/wp\/v2\/users\/1"}],"replies":[{"embeddable":true,"href":"https:\/\/xellagida.com\/en\/wp-json\/wp\/v2\/comments?post=129"}],"version-history":[{"count":48,"href":"https:\/\/xellagida.com\/en\/wp-json\/wp\/v2\/pages\/129\/revisions"}],"predecessor-version":[{"id":1283,"href":"https:\/\/xellagida.com\/en\/wp-json\/wp\/v2\/pages\/129\/revisions\/1283"}],"wp:attachment":[{"href":"https:\/\/xellagida.com\/en\/wp-json\/wp\/v2\/media?parent=129"}],"curies":[{"name":"wp","href":"https:\/\/api.w.org\/{rel}","templated":true}]}}